{"id":9,"date":"2018-07-30T16:47:18","date_gmt":"2018-07-30T13:47:18","guid":{"rendered":"https:\/\/www.sinomarin.com\/hu\/?page_id=9"},"modified":"2025-05-27T12:12:26","modified_gmt":"2025-05-27T09:12:26","slug":"hipertonias-orrspray-orrcsepp","status":"publish","type":"page","link":"https:\/\/www.sinomarin.com\/hu\/hipertonias-orrspray-orrcsepp\/","title":{"rendered":"Why Sinomarin &#8211; MI\u00c9RT A SINOMARIN?"},"content":{"rendered":"","protected":false},"excerpt":{"rendered":"","protected":false},"author":1,"featured_media":0,"parent":0,"menu_order":4,"comment_status":"closed","ping_status":"closed","template":"templates\/template-why-sinomarin.php","meta":[],"acf":[],"yoast_head":"<!-- This site is optimized with the Yoast SEO plugin v19.1 - https:\/\/yoast.com\/wordpress\/plugins\/seo\/ -->\n<title>Hipert\u00f3ni\u00e1s tengervizes orrspray-k \u00e9s ampull\u00e1s orrcseppek | Sinomarin<\/title>\n<meta name=\"description\" content=\"A Sinomarin term\u00e9kek term\u00e9szetes m\u00f3don enyh\u00edtik az orrdugul\u00e1st, mik\u00f6zben tiszt\u00edtj\u00e1k az orr\u00fcregeket. 100%-ban term\u00e9szetes \u00f6sszetev\u0151j\u0171 hipert\u00f3ni\u00e1s tengervizes orrspray-k \u00e9s orrcseppek.\" \/>\n<meta name=\"robots\" content=\"index, follow, max-snippet:-1, max-image-preview:large, max-video-preview:-1\" \/>\n<link rel=\"canonical\" href=\"https:\/\/www.sinomarin.com\/hu\/hipertonias-orrspray-orrcsepp\/\" \/>\n<meta property=\"og:locale\" content=\"hu_HU\" \/>\n<meta property=\"og:type\" content=\"article\" \/>\n<meta property=\"og:title\" content=\"Hipert\u00f3ni\u00e1s tengervizes orrspray-k \u00e9s ampull\u00e1s orrcseppek | Sinomarin\" \/>\n<meta property=\"og:description\" content=\"A Sinomarin term\u00e9kek term\u00e9szetes m\u00f3don enyh\u00edtik az orrdugul\u00e1st, mik\u00f6zben tiszt\u00edtj\u00e1k az orr\u00fcregeket. 100%-ban term\u00e9szetes \u00f6sszetev\u0151j\u0171 hipert\u00f3ni\u00e1s tengervizes orrspray-k \u00e9s orrcseppek.\" \/>\n<meta property=\"og:url\" content=\"https:\/\/www.sinomarin.com\/hu\/hipertonias-orrspray-orrcsepp\/\" \/>\n<meta property=\"og:site_name\" content=\"Sinomarin.com\/hu - Hungary\" \/>\n<meta property=\"article:modified_time\" content=\"2025-05-27T09:12:26+00:00\" \/>\n<meta property=\"og:image\" content=\"https:\/\/www.sinomarin.com\/hu\/wp-content\/uploads\/sites\/9\/2019\/03\/healthy-breathing-with-sinomarin_1150x900.jpg\" \/>\n\t<meta property=\"og:image:width\" content=\"1150\" \/>\n\t<meta property=\"og:image:height\" content=\"900\" \/>\n\t<meta property=\"og:image:type\" content=\"image\/jpeg\" \/>\n<meta name=\"twitter:card\" content=\"summary_large_image\" \/>\n<script type=\"application\/ld+json\" class=\"yoast-schema-graph\">{\"@context\":\"https:\/\/schema.org\",\"@graph\":[{\"@type\":\"WebSite\",\"@id\":\"https:\/\/www.sinomarin.com\/hu\/#website\",\"url\":\"https:\/\/www.sinomarin.com\/hu\/\",\"name\":\"Sinomarin.com\/hu - Hungary\",\"description\":\"\",\"potentialAction\":[{\"@type\":\"SearchAction\",\"target\":{\"@type\":\"EntryPoint\",\"urlTemplate\":\"https:\/\/www.sinomarin.com\/hu\/?s={search_term_string}\"},\"query-input\":\"required name=search_term_string\"}],\"inLanguage\":\"hu\"},{\"@type\":\"ImageObject\",\"inLanguage\":\"hu\",\"@id\":\"https:\/\/www.sinomarin.com\/hu\/hipertonias-orrspray-orrcsepp\/#primaryimage\",\"url\":\"https:\/\/www.sinomarin.com\/hu\/wp-content\/uploads\/sites\/9\/2019\/03\/healthy-breathing-with-sinomarin_1150x900.jpg\",\"contentUrl\":\"https:\/\/www.sinomarin.com\/hu\/wp-content\/uploads\/sites\/9\/2019\/03\/healthy-breathing-with-sinomarin_1150x900.jpg\",\"width\":1150,\"height\":900},{\"@type\":\"WebPage\",\"@id\":\"https:\/\/www.sinomarin.com\/hu\/hipertonias-orrspray-orrcsepp\/#webpage\",\"url\":\"https:\/\/www.sinomarin.com\/hu\/hipertonias-orrspray-orrcsepp\/\",\"name\":\"Hipert\u00f3ni\u00e1s tengervizes orrspray-k \u00e9s ampull\u00e1s orrcseppek | Sinomarin\",\"isPartOf\":{\"@id\":\"https:\/\/www.sinomarin.com\/hu\/#website\"},\"primaryImageOfPage\":{\"@id\":\"https:\/\/www.sinomarin.com\/hu\/hipertonias-orrspray-orrcsepp\/#primaryimage\"},\"datePublished\":\"2018-07-30T13:47:18+00:00\",\"dateModified\":\"2025-05-27T09:12:26+00:00\",\"description\":\"A Sinomarin term\u00e9kek term\u00e9szetes m\u00f3don enyh\u00edtik az orrdugul\u00e1st, mik\u00f6zben tiszt\u00edtj\u00e1k az orr\u00fcregeket. 100%-ban term\u00e9szetes \u00f6sszetev\u0151j\u0171 hipert\u00f3ni\u00e1s tengervizes orrspray-k \u00e9s orrcseppek.\",\"breadcrumb\":{\"@id\":\"https:\/\/www.sinomarin.com\/hu\/hipertonias-orrspray-orrcsepp\/#breadcrumb\"},\"inLanguage\":\"hu\",\"potentialAction\":[{\"@type\":\"ReadAction\",\"target\":[\"https:\/\/www.sinomarin.com\/hu\/hipertonias-orrspray-orrcsepp\/\"]}]},{\"@type\":\"BreadcrumbList\",\"@id\":\"https:\/\/www.sinomarin.com\/hu\/hipertonias-orrspray-orrcsepp\/#breadcrumb\",\"itemListElement\":[{\"@type\":\"ListItem\",\"position\":1,\"name\":\"Home\",\"item\":\"https:\/\/www.sinomarin.com\/hu\/\"},{\"@type\":\"ListItem\",\"position\":2,\"name\":\"Why Sinomarin &#8211; MI\u00c9RT A SINOMARIN?\"}]}]}<\/script>\n<!-- \/ Yoast SEO plugin. -->","yoast_head_json":{"title":"Hipert\u00f3ni\u00e1s tengervizes orrspray-k \u00e9s ampull\u00e1s orrcseppek | Sinomarin","description":"A Sinomarin term\u00e9kek term\u00e9szetes m\u00f3don enyh\u00edtik az orrdugul\u00e1st, mik\u00f6zben tiszt\u00edtj\u00e1k az orr\u00fcregeket. 100%-ban term\u00e9szetes \u00f6sszetev\u0151j\u0171 hipert\u00f3ni\u00e1s tengervizes orrspray-k \u00e9s orrcseppek.","robots":{"index":"index","follow":"follow","max-snippet":"max-snippet:-1","max-image-preview":"max-image-preview:large","max-video-preview":"max-video-preview:-1"},"canonical":"https:\/\/www.sinomarin.com\/hu\/hipertonias-orrspray-orrcsepp\/","og_locale":"hu_HU","og_type":"article","og_title":"Hipert\u00f3ni\u00e1s tengervizes orrspray-k \u00e9s ampull\u00e1s orrcseppek | Sinomarin","og_description":"A Sinomarin term\u00e9kek term\u00e9szetes m\u00f3don enyh\u00edtik az orrdugul\u00e1st, mik\u00f6zben tiszt\u00edtj\u00e1k az orr\u00fcregeket. 100%-ban term\u00e9szetes \u00f6sszetev\u0151j\u0171 hipert\u00f3ni\u00e1s tengervizes orrspray-k \u00e9s orrcseppek.","og_url":"https:\/\/www.sinomarin.com\/hu\/hipertonias-orrspray-orrcsepp\/","og_site_name":"Sinomarin.com\/hu - Hungary","article_modified_time":"2025-05-27T09:12:26+00:00","og_image":[{"width":1150,"height":900,"url":"https:\/\/www.sinomarin.com\/hu\/wp-content\/uploads\/sites\/9\/2019\/03\/healthy-breathing-with-sinomarin_1150x900.jpg","type":"image\/jpeg"}],"twitter_card":"summary_large_image","schema":{"@context":"https:\/\/schema.org","@graph":[{"@type":"WebSite","@id":"https:\/\/www.sinomarin.com\/hu\/#website","url":"https:\/\/www.sinomarin.com\/hu\/","name":"Sinomarin.com\/hu - Hungary","description":"","potentialAction":[{"@type":"SearchAction","target":{"@type":"EntryPoint","urlTemplate":"https:\/\/www.sinomarin.com\/hu\/?s={search_term_string}"},"query-input":"required name=search_term_string"}],"inLanguage":"hu"},{"@type":"ImageObject","inLanguage":"hu","@id":"https:\/\/www.sinomarin.com\/hu\/hipertonias-orrspray-orrcsepp\/#primaryimage","url":"https:\/\/www.sinomarin.com\/hu\/wp-content\/uploads\/sites\/9\/2019\/03\/healthy-breathing-with-sinomarin_1150x900.jpg","contentUrl":"https:\/\/www.sinomarin.com\/hu\/wp-content\/uploads\/sites\/9\/2019\/03\/healthy-breathing-with-sinomarin_1150x900.jpg","width":1150,"height":900},{"@type":"WebPage","@id":"https:\/\/www.sinomarin.com\/hu\/hipertonias-orrspray-orrcsepp\/#webpage","url":"https:\/\/www.sinomarin.com\/hu\/hipertonias-orrspray-orrcsepp\/","name":"Hipert\u00f3ni\u00e1s tengervizes orrspray-k \u00e9s ampull\u00e1s orrcseppek | Sinomarin","isPartOf":{"@id":"https:\/\/www.sinomarin.com\/hu\/#website"},"primaryImageOfPage":{"@id":"https:\/\/www.sinomarin.com\/hu\/hipertonias-orrspray-orrcsepp\/#primaryimage"},"datePublished":"2018-07-30T13:47:18+00:00","dateModified":"2025-05-27T09:12:26+00:00","description":"A Sinomarin term\u00e9kek term\u00e9szetes m\u00f3don enyh\u00edtik az orrdugul\u00e1st, mik\u00f6zben tiszt\u00edtj\u00e1k az orr\u00fcregeket. 100%-ban term\u00e9szetes \u00f6sszetev\u0151j\u0171 hipert\u00f3ni\u00e1s tengervizes orrspray-k \u00e9s orrcseppek.","breadcrumb":{"@id":"https:\/\/www.sinomarin.com\/hu\/hipertonias-orrspray-orrcsepp\/#breadcrumb"},"inLanguage":"hu","potentialAction":[{"@type":"ReadAction","target":["https:\/\/www.sinomarin.com\/hu\/hipertonias-orrspray-orrcsepp\/"]}]},{"@type":"BreadcrumbList","@id":"https:\/\/www.sinomarin.com\/hu\/hipertonias-orrspray-orrcsepp\/#breadcrumb","itemListElement":[{"@type":"ListItem","position":1,"name":"Home","item":"https:\/\/www.sinomarin.com\/hu\/"},{"@type":"ListItem","position":2,"name":"Why Sinomarin &#8211; MI\u00c9RT A SINOMARIN?"}]}]}},"_links":{"self":[{"href":"https:\/\/www.sinomarin.com\/hu\/wp-json\/wp\/v2\/pages\/9"}],"collection":[{"href":"https:\/\/www.sinomarin.com\/hu\/wp-json\/wp\/v2\/pages"}],"about":[{"href":"https:\/\/www.sinomarin.com\/hu\/wp-json\/wp\/v2\/types\/page"}],"author":[{"embeddable":true,"href":"https:\/\/www.sinomarin.com\/hu\/wp-json\/wp\/v2\/users\/1"}],"replies":[{"embeddable":true,"href":"https:\/\/www.sinomarin.com\/hu\/wp-json\/wp\/v2\/comments?post=9"}],"version-history":[{"count":6,"href":"https:\/\/www.sinomarin.com\/hu\/wp-json\/wp\/v2\/pages\/9\/revisions"}],"predecessor-version":[{"id":16472,"href":"https:\/\/www.sinomarin.com\/hu\/wp-json\/wp\/v2\/pages\/9\/revisions\/16472"}],"wp:attachment":[{"href":"https:\/\/www.sinomarin.com\/hu\/wp-json\/wp\/v2\/media?parent=9"}],"curies":[{"name":"wp","href":"https:\/\/api.w.org\/{rel}","templated":true}]}}