{"id":7,"date":"2018-07-30T16:46:18","date_gmt":"2018-07-30T13:46:18","guid":{"rendered":"https:\/\/www.sinomarin.com\/hu\/?page_id=7"},"modified":"2024-04-08T18:46:54","modified_gmt":"2024-04-08T15:46:54","slug":"home","status":"publish","type":"page","link":"https:\/\/www.sinomarin.com\/hu\/","title":{"rendered":"Home &#8211; KEZD\u0150LAP"},"content":{"rendered":"","protected":false},"excerpt":{"rendered":"","protected":false},"author":1,"featured_media":0,"parent":0,"menu_order":3,"comment_status":"closed","ping_status":"closed","template":"templates\/template-home.php","meta":[],"acf":[],"yoast_head":"<!-- This site is optimized with the Yoast SEO plugin v19.1 - https:\/\/yoast.com\/wordpress\/plugins\/seo\/ -->\n<title>Term\u00e9szetes orrdugul\u00e1s-csillap\u00edt\u00f3 orrspray-k \u00e9s orrcseppek | Sinomarin<\/title>\n<meta name=\"description\" content=\"Term\u00e9szetes, biztons\u00e1gos \u00e9s hat\u00e9kony orrdugul\u00e1s-csillap\u00edt\u00f3 orrspray-k \u00e9s orrcseppek, az orr mindennappi sz\u00fcks\u00e9gleteihez igaz\u00edtva. Hozza rendbe term\u00e9szetes m\u00f3don l\u00e9gz\u00e9s\u00e9t.\" \/>\n<meta name=\"robots\" content=\"index, follow, max-snippet:-1, max-image-preview:large, max-video-preview:-1\" \/>\n<link rel=\"canonical\" href=\"https:\/\/www.sinomarin.com\/hu\/\" \/>\n<meta property=\"og:locale\" content=\"hu_HU\" \/>\n<meta property=\"og:type\" content=\"article\" \/>\n<meta property=\"og:title\" content=\"Term\u00e9szetes orrdugul\u00e1s-csillap\u00edt\u00f3 orrspray-k \u00e9s orrcseppek | Sinomarin\" \/>\n<meta property=\"og:description\" content=\"Term\u00e9szetes, biztons\u00e1gos \u00e9s hat\u00e9kony orrdugul\u00e1s-csillap\u00edt\u00f3 orrspray-k \u00e9s orrcseppek, az orr mindennappi sz\u00fcks\u00e9gleteihez igaz\u00edtva. Hozza rendbe term\u00e9szetes m\u00f3don l\u00e9gz\u00e9s\u00e9t.\" \/>\n<meta property=\"og:url\" content=\"https:\/\/www.sinomarin.com\/hu\/\" \/>\n<meta property=\"og:site_name\" content=\"Sinomarin.com\/hu - Hungary\" \/>\n<meta property=\"article:modified_time\" content=\"2024-04-08T15:46:54+00:00\" \/>\n<meta property=\"og:image\" content=\"https:\/\/www.sinomarin.com\/hu\/wp-content\/uploads\/sites\/9\/2019\/03\/sinomarin-adults_hero-02.jpg\" \/>\n\t<meta property=\"og:image:width\" content=\"1920\" \/>\n\t<meta property=\"og:image:height\" content=\"1080\" \/>\n\t<meta property=\"og:image:type\" content=\"image\/jpeg\" \/>\n<meta name=\"twitter:card\" content=\"summary_large_image\" \/>\n<script type=\"application\/ld+json\" class=\"yoast-schema-graph\">{\"@context\":\"https:\/\/schema.org\",\"@graph\":[{\"@type\":\"WebSite\",\"@id\":\"https:\/\/www.sinomarin.com\/hu\/#website\",\"url\":\"https:\/\/www.sinomarin.com\/hu\/\",\"name\":\"Sinomarin.com\/hu - Hungary\",\"description\":\"\",\"potentialAction\":[{\"@type\":\"SearchAction\",\"target\":{\"@type\":\"EntryPoint\",\"urlTemplate\":\"https:\/\/www.sinomarin.com\/hu\/?s={search_term_string}\"},\"query-input\":\"required name=search_term_string\"}],\"inLanguage\":\"hu\"},{\"@type\":\"ImageObject\",\"inLanguage\":\"hu\",\"@id\":\"https:\/\/www.sinomarin.com\/hu\/#primaryimage\",\"url\":\"https:\/\/www.sinomarin.com\/hu\/wp-content\/uploads\/sites\/9\/2019\/03\/sinomarin-adults_hero-02.jpg\",\"contentUrl\":\"https:\/\/www.sinomarin.com\/hu\/wp-content\/uploads\/sites\/9\/2019\/03\/sinomarin-adults_hero-02.jpg\",\"width\":1920,\"height\":1080},{\"@type\":\"WebPage\",\"@id\":\"https:\/\/www.sinomarin.com\/hu\/#webpage\",\"url\":\"https:\/\/www.sinomarin.com\/hu\/\",\"name\":\"Term\u00e9szetes orrdugul\u00e1s-csillap\u00edt\u00f3 orrspray-k \u00e9s orrcseppek | Sinomarin\",\"isPartOf\":{\"@id\":\"https:\/\/www.sinomarin.com\/hu\/#website\"},\"primaryImageOfPage\":{\"@id\":\"https:\/\/www.sinomarin.com\/hu\/#primaryimage\"},\"datePublished\":\"2018-07-30T13:46:18+00:00\",\"dateModified\":\"2024-04-08T15:46:54+00:00\",\"description\":\"Term\u00e9szetes, biztons\u00e1gos \u00e9s hat\u00e9kony orrdugul\u00e1s-csillap\u00edt\u00f3 orrspray-k \u00e9s orrcseppek, az orr mindennappi sz\u00fcks\u00e9gleteihez igaz\u00edtva. Hozza rendbe term\u00e9szetes m\u00f3don l\u00e9gz\u00e9s\u00e9t.\",\"breadcrumb\":{\"@id\":\"https:\/\/www.sinomarin.com\/hu\/#breadcrumb\"},\"inLanguage\":\"hu\",\"potentialAction\":[{\"@type\":\"ReadAction\",\"target\":[\"https:\/\/www.sinomarin.com\/hu\/\"]}]},{\"@type\":\"BreadcrumbList\",\"@id\":\"https:\/\/www.sinomarin.com\/hu\/#breadcrumb\",\"itemListElement\":[{\"@type\":\"ListItem\",\"position\":1,\"name\":\"Home\",\"item\":\"https:\/\/www.sinomarin.com\/hu\/\"},{\"@type\":\"ListItem\",\"position\":2,\"name\":\"Home &#8211; KEZD\u0150LAP\"}]}]}<\/script>\n<!-- \/ Yoast SEO plugin. -->","yoast_head_json":{"title":"Term\u00e9szetes orrdugul\u00e1s-csillap\u00edt\u00f3 orrspray-k \u00e9s orrcseppek | Sinomarin","description":"Term\u00e9szetes, biztons\u00e1gos \u00e9s hat\u00e9kony orrdugul\u00e1s-csillap\u00edt\u00f3 orrspray-k \u00e9s orrcseppek, az orr mindennappi sz\u00fcks\u00e9gleteihez igaz\u00edtva. Hozza rendbe term\u00e9szetes m\u00f3don l\u00e9gz\u00e9s\u00e9t.","robots":{"index":"index","follow":"follow","max-snippet":"max-snippet:-1","max-image-preview":"max-image-preview:large","max-video-preview":"max-video-preview:-1"},"canonical":"https:\/\/www.sinomarin.com\/hu\/","og_locale":"hu_HU","og_type":"article","og_title":"Term\u00e9szetes orrdugul\u00e1s-csillap\u00edt\u00f3 orrspray-k \u00e9s orrcseppek | Sinomarin","og_description":"Term\u00e9szetes, biztons\u00e1gos \u00e9s hat\u00e9kony orrdugul\u00e1s-csillap\u00edt\u00f3 orrspray-k \u00e9s orrcseppek, az orr mindennappi sz\u00fcks\u00e9gleteihez igaz\u00edtva. Hozza rendbe term\u00e9szetes m\u00f3don l\u00e9gz\u00e9s\u00e9t.","og_url":"https:\/\/www.sinomarin.com\/hu\/","og_site_name":"Sinomarin.com\/hu - Hungary","article_modified_time":"2024-04-08T15:46:54+00:00","og_image":[{"width":1920,"height":1080,"url":"https:\/\/www.sinomarin.com\/hu\/wp-content\/uploads\/sites\/9\/2019\/03\/sinomarin-adults_hero-02.jpg","type":"image\/jpeg"}],"twitter_card":"summary_large_image","schema":{"@context":"https:\/\/schema.org","@graph":[{"@type":"WebSite","@id":"https:\/\/www.sinomarin.com\/hu\/#website","url":"https:\/\/www.sinomarin.com\/hu\/","name":"Sinomarin.com\/hu - Hungary","description":"","potentialAction":[{"@type":"SearchAction","target":{"@type":"EntryPoint","urlTemplate":"https:\/\/www.sinomarin.com\/hu\/?s={search_term_string}"},"query-input":"required name=search_term_string"}],"inLanguage":"hu"},{"@type":"ImageObject","inLanguage":"hu","@id":"https:\/\/www.sinomarin.com\/hu\/#primaryimage","url":"https:\/\/www.sinomarin.com\/hu\/wp-content\/uploads\/sites\/9\/2019\/03\/sinomarin-adults_hero-02.jpg","contentUrl":"https:\/\/www.sinomarin.com\/hu\/wp-content\/uploads\/sites\/9\/2019\/03\/sinomarin-adults_hero-02.jpg","width":1920,"height":1080},{"@type":"WebPage","@id":"https:\/\/www.sinomarin.com\/hu\/#webpage","url":"https:\/\/www.sinomarin.com\/hu\/","name":"Term\u00e9szetes orrdugul\u00e1s-csillap\u00edt\u00f3 orrspray-k \u00e9s orrcseppek | Sinomarin","isPartOf":{"@id":"https:\/\/www.sinomarin.com\/hu\/#website"},"primaryImageOfPage":{"@id":"https:\/\/www.sinomarin.com\/hu\/#primaryimage"},"datePublished":"2018-07-30T13:46:18+00:00","dateModified":"2024-04-08T15:46:54+00:00","description":"Term\u00e9szetes, biztons\u00e1gos \u00e9s hat\u00e9kony orrdugul\u00e1s-csillap\u00edt\u00f3 orrspray-k \u00e9s orrcseppek, az orr mindennappi sz\u00fcks\u00e9gleteihez igaz\u00edtva. Hozza rendbe term\u00e9szetes m\u00f3don l\u00e9gz\u00e9s\u00e9t.","breadcrumb":{"@id":"https:\/\/www.sinomarin.com\/hu\/#breadcrumb"},"inLanguage":"hu","potentialAction":[{"@type":"ReadAction","target":["https:\/\/www.sinomarin.com\/hu\/"]}]},{"@type":"BreadcrumbList","@id":"https:\/\/www.sinomarin.com\/hu\/#breadcrumb","itemListElement":[{"@type":"ListItem","position":1,"name":"Home","item":"https:\/\/www.sinomarin.com\/hu\/"},{"@type":"ListItem","position":2,"name":"Home &#8211; KEZD\u0150LAP"}]}]}},"_links":{"self":[{"href":"https:\/\/www.sinomarin.com\/hu\/wp-json\/wp\/v2\/pages\/7"}],"collection":[{"href":"https:\/\/www.sinomarin.com\/hu\/wp-json\/wp\/v2\/pages"}],"about":[{"href":"https:\/\/www.sinomarin.com\/hu\/wp-json\/wp\/v2\/types\/page"}],"author":[{"embeddable":true,"href":"https:\/\/www.sinomarin.com\/hu\/wp-json\/wp\/v2\/users\/1"}],"replies":[{"embeddable":true,"href":"https:\/\/www.sinomarin.com\/hu\/wp-json\/wp\/v2\/comments?post=7"}],"version-history":[{"count":5,"href":"https:\/\/www.sinomarin.com\/hu\/wp-json\/wp\/v2\/pages\/7\/revisions"}],"predecessor-version":[{"id":15518,"href":"https:\/\/www.sinomarin.com\/hu\/wp-json\/wp\/v2\/pages\/7\/revisions\/15518"}],"wp:attachment":[{"href":"https:\/\/www.sinomarin.com\/hu\/wp-json\/wp\/v2\/media?parent=7"}],"curies":[{"name":"wp","href":"https:\/\/api.w.org\/{rel}","templated":true}]}}