{"id":380,"date":"2018-12-18T13:34:50","date_gmt":"2018-12-18T11:34:50","guid":{"rendered":"https:\/\/www.sinomarin.com\/hu\/?page_id=380"},"modified":"2023-04-06T11:53:20","modified_gmt":"2023-04-06T08:53:20","slug":"cikkek-tanacsok","status":"publish","type":"page","link":"https:\/\/www.sinomarin.com\/hu\/cikkek-tanacsok\/","title":{"rendered":"Cikkek \u00e9s Tan\u00e1csok"},"content":{"rendered":"","protected":false},"excerpt":{"rendered":"","protected":false},"author":1,"featured_media":0,"parent":0,"menu_order":7,"comment_status":"closed","ping_status":"closed","template":"templates\/template-overview-articles.php","meta":[],"acf":[],"yoast_head":"<!-- This site is optimized with the Yoast SEO plugin v19.1 - https:\/\/yoast.com\/wordpress\/plugins\/seo\/ -->\n<title>Cikkek \u00e9s Tan\u00e1csok | Sinomarin<\/title>\n<meta name=\"description\" content=\"Hasznos inform\u00e1ci\u00f3k az orral kapcsolatos gyakori probl\u00e9m\u00e1kr\u00f3l, mint p\u00e9ld\u00e1ul az orrdugul\u00e1s; orr\u00e1pol\u00e1shoz kapcsol\u00f3d\u00f3 megold\u00e1sok, tan\u00e1csok.\" \/>\n<meta name=\"robots\" content=\"index, follow, max-snippet:-1, max-image-preview:large, max-video-preview:-1\" \/>\n<link rel=\"canonical\" href=\"https:\/\/www.sinomarin.com\/hu\/cikkek-tanacsok\/\" \/>\n<meta property=\"og:locale\" content=\"hu_HU\" \/>\n<meta property=\"og:type\" content=\"article\" \/>\n<meta property=\"og:title\" content=\"Cikkek \u00e9s Tan\u00e1csok | Sinomarin\" \/>\n<meta property=\"og:description\" content=\"Hasznos inform\u00e1ci\u00f3k az orral kapcsolatos gyakori probl\u00e9m\u00e1kr\u00f3l, mint p\u00e9ld\u00e1ul az orrdugul\u00e1s; orr\u00e1pol\u00e1shoz kapcsol\u00f3d\u00f3 megold\u00e1sok, tan\u00e1csok.\" \/>\n<meta property=\"og:url\" content=\"https:\/\/www.sinomarin.com\/hu\/cikkek-tanacsok\/\" \/>\n<meta property=\"og:site_name\" content=\"Sinomarin.com\/hu - Hungary\" \/>\n<meta property=\"article:modified_time\" content=\"2023-04-06T08:53:20+00:00\" \/>\n<meta property=\"og:image\" content=\"https:\/\/www.sinomarin.com\/hu\/wp-content\/uploads\/sites\/9\/2019\/03\/waves_opt.jpg\" \/>\n\t<meta property=\"og:image:width\" content=\"1920\" \/>\n\t<meta property=\"og:image:height\" content=\"751\" \/>\n\t<meta property=\"og:image:type\" content=\"image\/jpeg\" \/>\n<meta name=\"twitter:card\" content=\"summary_large_image\" \/>\n<script type=\"application\/ld+json\" class=\"yoast-schema-graph\">{\"@context\":\"https:\/\/schema.org\",\"@graph\":[{\"@type\":\"WebSite\",\"@id\":\"https:\/\/www.sinomarin.com\/hu\/#website\",\"url\":\"https:\/\/www.sinomarin.com\/hu\/\",\"name\":\"Sinomarin.com\/hu - Hungary\",\"description\":\"\",\"potentialAction\":[{\"@type\":\"SearchAction\",\"target\":{\"@type\":\"EntryPoint\",\"urlTemplate\":\"https:\/\/www.sinomarin.com\/hu\/?s={search_term_string}\"},\"query-input\":\"required name=search_term_string\"}],\"inLanguage\":\"hu\"},{\"@type\":\"ImageObject\",\"inLanguage\":\"hu\",\"@id\":\"https:\/\/www.sinomarin.com\/hu\/cikkek-tanacsok\/#primaryimage\",\"url\":\"https:\/\/www.sinomarin.com\/hu\/wp-content\/uploads\/sites\/9\/2019\/03\/waves_opt.jpg\",\"contentUrl\":\"https:\/\/www.sinomarin.com\/hu\/wp-content\/uploads\/sites\/9\/2019\/03\/waves_opt.jpg\",\"width\":1920,\"height\":751},{\"@type\":\"WebPage\",\"@id\":\"https:\/\/www.sinomarin.com\/hu\/cikkek-tanacsok\/#webpage\",\"url\":\"https:\/\/www.sinomarin.com\/hu\/cikkek-tanacsok\/\",\"name\":\"Cikkek \u00e9s Tan\u00e1csok | Sinomarin\",\"isPartOf\":{\"@id\":\"https:\/\/www.sinomarin.com\/hu\/#website\"},\"primaryImageOfPage\":{\"@id\":\"https:\/\/www.sinomarin.com\/hu\/cikkek-tanacsok\/#primaryimage\"},\"datePublished\":\"2018-12-18T11:34:50+00:00\",\"dateModified\":\"2023-04-06T08:53:20+00:00\",\"description\":\"Hasznos inform\u00e1ci\u00f3k az orral kapcsolatos gyakori probl\u00e9m\u00e1kr\u00f3l, mint p\u00e9ld\u00e1ul az orrdugul\u00e1s; orr\u00e1pol\u00e1shoz kapcsol\u00f3d\u00f3 megold\u00e1sok, tan\u00e1csok.\",\"breadcrumb\":{\"@id\":\"https:\/\/www.sinomarin.com\/hu\/cikkek-tanacsok\/#breadcrumb\"},\"inLanguage\":\"hu\",\"potentialAction\":[{\"@type\":\"ReadAction\",\"target\":[\"https:\/\/www.sinomarin.com\/hu\/cikkek-tanacsok\/\"]}]},{\"@type\":\"BreadcrumbList\",\"@id\":\"https:\/\/www.sinomarin.com\/hu\/cikkek-tanacsok\/#breadcrumb\",\"itemListElement\":[{\"@type\":\"ListItem\",\"position\":1,\"name\":\"Home\",\"item\":\"https:\/\/www.sinomarin.com\/hu\/\"},{\"@type\":\"ListItem\",\"position\":2,\"name\":\"Cikkek \u00e9s Tan\u00e1csok\"}]}]}<\/script>\n<!-- \/ Yoast SEO plugin. -->","yoast_head_json":{"title":"Cikkek \u00e9s Tan\u00e1csok | Sinomarin","description":"Hasznos inform\u00e1ci\u00f3k az orral kapcsolatos gyakori probl\u00e9m\u00e1kr\u00f3l, mint p\u00e9ld\u00e1ul az orrdugul\u00e1s; orr\u00e1pol\u00e1shoz kapcsol\u00f3d\u00f3 megold\u00e1sok, tan\u00e1csok.","robots":{"index":"index","follow":"follow","max-snippet":"max-snippet:-1","max-image-preview":"max-image-preview:large","max-video-preview":"max-video-preview:-1"},"canonical":"https:\/\/www.sinomarin.com\/hu\/cikkek-tanacsok\/","og_locale":"hu_HU","og_type":"article","og_title":"Cikkek \u00e9s Tan\u00e1csok | Sinomarin","og_description":"Hasznos inform\u00e1ci\u00f3k az orral kapcsolatos gyakori probl\u00e9m\u00e1kr\u00f3l, mint p\u00e9ld\u00e1ul az orrdugul\u00e1s; orr\u00e1pol\u00e1shoz kapcsol\u00f3d\u00f3 megold\u00e1sok, tan\u00e1csok.","og_url":"https:\/\/www.sinomarin.com\/hu\/cikkek-tanacsok\/","og_site_name":"Sinomarin.com\/hu - Hungary","article_modified_time":"2023-04-06T08:53:20+00:00","og_image":[{"width":1920,"height":751,"url":"https:\/\/www.sinomarin.com\/hu\/wp-content\/uploads\/sites\/9\/2019\/03\/waves_opt.jpg","type":"image\/jpeg"}],"twitter_card":"summary_large_image","schema":{"@context":"https:\/\/schema.org","@graph":[{"@type":"WebSite","@id":"https:\/\/www.sinomarin.com\/hu\/#website","url":"https:\/\/www.sinomarin.com\/hu\/","name":"Sinomarin.com\/hu - Hungary","description":"","potentialAction":[{"@type":"SearchAction","target":{"@type":"EntryPoint","urlTemplate":"https:\/\/www.sinomarin.com\/hu\/?s={search_term_string}"},"query-input":"required name=search_term_string"}],"inLanguage":"hu"},{"@type":"ImageObject","inLanguage":"hu","@id":"https:\/\/www.sinomarin.com\/hu\/cikkek-tanacsok\/#primaryimage","url":"https:\/\/www.sinomarin.com\/hu\/wp-content\/uploads\/sites\/9\/2019\/03\/waves_opt.jpg","contentUrl":"https:\/\/www.sinomarin.com\/hu\/wp-content\/uploads\/sites\/9\/2019\/03\/waves_opt.jpg","width":1920,"height":751},{"@type":"WebPage","@id":"https:\/\/www.sinomarin.com\/hu\/cikkek-tanacsok\/#webpage","url":"https:\/\/www.sinomarin.com\/hu\/cikkek-tanacsok\/","name":"Cikkek \u00e9s Tan\u00e1csok | Sinomarin","isPartOf":{"@id":"https:\/\/www.sinomarin.com\/hu\/#website"},"primaryImageOfPage":{"@id":"https:\/\/www.sinomarin.com\/hu\/cikkek-tanacsok\/#primaryimage"},"datePublished":"2018-12-18T11:34:50+00:00","dateModified":"2023-04-06T08:53:20+00:00","description":"Hasznos inform\u00e1ci\u00f3k az orral kapcsolatos gyakori probl\u00e9m\u00e1kr\u00f3l, mint p\u00e9ld\u00e1ul az orrdugul\u00e1s; orr\u00e1pol\u00e1shoz kapcsol\u00f3d\u00f3 megold\u00e1sok, tan\u00e1csok.","breadcrumb":{"@id":"https:\/\/www.sinomarin.com\/hu\/cikkek-tanacsok\/#breadcrumb"},"inLanguage":"hu","potentialAction":[{"@type":"ReadAction","target":["https:\/\/www.sinomarin.com\/hu\/cikkek-tanacsok\/"]}]},{"@type":"BreadcrumbList","@id":"https:\/\/www.sinomarin.com\/hu\/cikkek-tanacsok\/#breadcrumb","itemListElement":[{"@type":"ListItem","position":1,"name":"Home","item":"https:\/\/www.sinomarin.com\/hu\/"},{"@type":"ListItem","position":2,"name":"Cikkek \u00e9s Tan\u00e1csok"}]}]}},"_links":{"self":[{"href":"https:\/\/www.sinomarin.com\/hu\/wp-json\/wp\/v2\/pages\/380"}],"collection":[{"href":"https:\/\/www.sinomarin.com\/hu\/wp-json\/wp\/v2\/pages"}],"about":[{"href":"https:\/\/www.sinomarin.com\/hu\/wp-json\/wp\/v2\/types\/page"}],"author":[{"embeddable":true,"href":"https:\/\/www.sinomarin.com\/hu\/wp-json\/wp\/v2\/users\/1"}],"replies":[{"embeddable":true,"href":"https:\/\/www.sinomarin.com\/hu\/wp-json\/wp\/v2\/comments?post=380"}],"version-history":[{"count":5,"href":"https:\/\/www.sinomarin.com\/hu\/wp-json\/wp\/v2\/pages\/380\/revisions"}],"predecessor-version":[{"id":15423,"href":"https:\/\/www.sinomarin.com\/hu\/wp-json\/wp\/v2\/pages\/380\/revisions\/15423"}],"wp:attachment":[{"href":"https:\/\/www.sinomarin.com\/hu\/wp-json\/wp\/v2\/media?parent=380"}],"curies":[{"name":"wp","href":"https:\/\/api.w.org\/{rel}","templated":true}]}}