{"id":6469,"date":"2020-05-08T15:58:13","date_gmt":"2020-05-08T12:58:13","guid":{"rendered":"https:\/\/www.sinomarin.com\/fr\/?page_id=6469"},"modified":"2023-04-05T13:00:45","modified_gmt":"2023-04-05T10:00:45","slug":"partagez-votre-avis","status":"publish","type":"page","link":"https:\/\/www.sinomarin.com\/fr\/partagez-votre-avis\/","title":{"rendered":"Leave your testimonial &#8211; Partager un t\u00e9moignage"},"content":{"rendered":"","protected":false},"excerpt":{"rendered":"","protected":false},"author":1,"featured_media":0,"parent":0,"menu_order":12,"comment_status":"closed","ping_status":"closed","template":"templates\/template-forms.php","meta":[],"acf":[],"yoast_head":"<!-- This site is optimized with the Yoast SEO plugin v19.1 - https:\/\/yoast.com\/wordpress\/plugins\/seo\/ -->\n<title>Partagez votre Avis | Sinomarin<\/title>\n<meta name=\"description\" content=\"&quot;Gerolymatos International S.A.13 Asklipiou Str, Kryoneri, 14568, Ath\u00e8nes, Gr\u00e8ce T\u00e9l: +30 210 35 00 800 Fax:+30 210 62 20 384+30 210 81 61 850 Email: info@sinomarin.com&quot;\" \/>\n<meta name=\"robots\" content=\"index, follow, max-snippet:-1, max-image-preview:large, max-video-preview:-1\" \/>\n<link rel=\"canonical\" href=\"https:\/\/www.sinomarin.com\/fr\/partagez-votre-avis\/\" \/>\n<meta property=\"og:locale\" content=\"fr_FR\" \/>\n<meta property=\"og:type\" content=\"article\" \/>\n<meta property=\"og:title\" content=\"Partagez votre Avis | Sinomarin\" \/>\n<meta property=\"og:description\" content=\"&quot;Gerolymatos International S.A.13 Asklipiou Str, Kryoneri, 14568, Ath\u00e8nes, Gr\u00e8ce T\u00e9l: +30 210 35 00 800 Fax:+30 210 62 20 384+30 210 81 61 850 Email: info@sinomarin.com&quot;\" \/>\n<meta property=\"og:url\" content=\"https:\/\/www.sinomarin.com\/fr\/partagez-votre-avis\/\" \/>\n<meta property=\"og:site_name\" content=\"Sinomarin.com\/fr - France\" \/>\n<meta property=\"article:modified_time\" content=\"2023-04-05T10:00:45+00:00\" \/>\n<meta property=\"og:image\" content=\"https:\/\/www.sinomarin.com\/fr\/wp-content\/uploads\/sites\/7\/2020\/06\/final_banner_sinomarin_testimonials_1920x750-3-1.jpg\" \/>\n\t<meta property=\"og:image:width\" content=\"1920\" \/>\n\t<meta property=\"og:image:height\" content=\"750\" \/>\n\t<meta property=\"og:image:type\" content=\"image\/jpeg\" \/>\n<meta name=\"twitter:card\" content=\"summary_large_image\" \/>\n<script type=\"application\/ld+json\" class=\"yoast-schema-graph\">{\"@context\":\"https:\/\/schema.org\",\"@graph\":[{\"@type\":\"WebSite\",\"@id\":\"https:\/\/www.sinomarin.com\/fr\/#website\",\"url\":\"https:\/\/www.sinomarin.com\/fr\/\",\"name\":\"Sinomarin.com\/fr - France\",\"description\":\"\",\"potentialAction\":[{\"@type\":\"SearchAction\",\"target\":{\"@type\":\"EntryPoint\",\"urlTemplate\":\"https:\/\/www.sinomarin.com\/fr\/?s={search_term_string}\"},\"query-input\":\"required name=search_term_string\"}],\"inLanguage\":\"fr-FR\"},{\"@type\":\"ImageObject\",\"inLanguage\":\"fr-FR\",\"@id\":\"https:\/\/www.sinomarin.com\/fr\/partagez-votre-avis\/#primaryimage\",\"url\":\"https:\/\/www.sinomarin.com\/fr\/wp-content\/uploads\/sites\/7\/2020\/06\/final_banner_sinomarin_testimonials_1920x750-3-1.jpg\",\"contentUrl\":\"https:\/\/www.sinomarin.com\/fr\/wp-content\/uploads\/sites\/7\/2020\/06\/final_banner_sinomarin_testimonials_1920x750-3-1.jpg\",\"width\":1920,\"height\":750},{\"@type\":\"WebPage\",\"@id\":\"https:\/\/www.sinomarin.com\/fr\/partagez-votre-avis\/#webpage\",\"url\":\"https:\/\/www.sinomarin.com\/fr\/partagez-votre-avis\/\",\"name\":\"Partagez votre Avis | Sinomarin\",\"isPartOf\":{\"@id\":\"https:\/\/www.sinomarin.com\/fr\/#website\"},\"primaryImageOfPage\":{\"@id\":\"https:\/\/www.sinomarin.com\/fr\/partagez-votre-avis\/#primaryimage\"},\"datePublished\":\"2020-05-08T12:58:13+00:00\",\"dateModified\":\"2023-04-05T10:00:45+00:00\",\"description\":\"\\\"Gerolymatos International S.A.13 Asklipiou Str, Kryoneri, 14568, Ath\u00e8nes, Gr\u00e8ce T\u00e9l: +30 210 35 00 800 Fax:+30 210 62 20 384+30 210 81 61 850 Email: info@sinomarin.com\\\"\",\"breadcrumb\":{\"@id\":\"https:\/\/www.sinomarin.com\/fr\/partagez-votre-avis\/#breadcrumb\"},\"inLanguage\":\"fr-FR\",\"potentialAction\":[{\"@type\":\"ReadAction\",\"target\":[\"https:\/\/www.sinomarin.com\/fr\/partagez-votre-avis\/\"]}]},{\"@type\":\"BreadcrumbList\",\"@id\":\"https:\/\/www.sinomarin.com\/fr\/partagez-votre-avis\/#breadcrumb\",\"itemListElement\":[{\"@type\":\"ListItem\",\"position\":1,\"name\":\"Home\",\"item\":\"https:\/\/www.sinomarin.com\/fr\/\"},{\"@type\":\"ListItem\",\"position\":2,\"name\":\"Leave your testimonial &#8211; Partager un t\u00e9moignage\"}]}]}<\/script>\n<!-- \/ Yoast SEO plugin. -->","yoast_head_json":{"title":"Partagez votre Avis | Sinomarin","description":"\"Gerolymatos International S.A.13 Asklipiou Str, Kryoneri, 14568, Ath\u00e8nes, Gr\u00e8ce T\u00e9l: +30 210 35 00 800 Fax:+30 210 62 20 384+30 210 81 61 850 Email: info@sinomarin.com\"","robots":{"index":"index","follow":"follow","max-snippet":"max-snippet:-1","max-image-preview":"max-image-preview:large","max-video-preview":"max-video-preview:-1"},"canonical":"https:\/\/www.sinomarin.com\/fr\/partagez-votre-avis\/","og_locale":"fr_FR","og_type":"article","og_title":"Partagez votre Avis | Sinomarin","og_description":"\"Gerolymatos International S.A.13 Asklipiou Str, Kryoneri, 14568, Ath\u00e8nes, Gr\u00e8ce T\u00e9l: +30 210 35 00 800 Fax:+30 210 62 20 384+30 210 81 61 850 Email: info@sinomarin.com\"","og_url":"https:\/\/www.sinomarin.com\/fr\/partagez-votre-avis\/","og_site_name":"Sinomarin.com\/fr - France","article_modified_time":"2023-04-05T10:00:45+00:00","og_image":[{"width":1920,"height":750,"url":"https:\/\/www.sinomarin.com\/fr\/wp-content\/uploads\/sites\/7\/2020\/06\/final_banner_sinomarin_testimonials_1920x750-3-1.jpg","type":"image\/jpeg"}],"twitter_card":"summary_large_image","schema":{"@context":"https:\/\/schema.org","@graph":[{"@type":"WebSite","@id":"https:\/\/www.sinomarin.com\/fr\/#website","url":"https:\/\/www.sinomarin.com\/fr\/","name":"Sinomarin.com\/fr - France","description":"","potentialAction":[{"@type":"SearchAction","target":{"@type":"EntryPoint","urlTemplate":"https:\/\/www.sinomarin.com\/fr\/?s={search_term_string}"},"query-input":"required name=search_term_string"}],"inLanguage":"fr-FR"},{"@type":"ImageObject","inLanguage":"fr-FR","@id":"https:\/\/www.sinomarin.com\/fr\/partagez-votre-avis\/#primaryimage","url":"https:\/\/www.sinomarin.com\/fr\/wp-content\/uploads\/sites\/7\/2020\/06\/final_banner_sinomarin_testimonials_1920x750-3-1.jpg","contentUrl":"https:\/\/www.sinomarin.com\/fr\/wp-content\/uploads\/sites\/7\/2020\/06\/final_banner_sinomarin_testimonials_1920x750-3-1.jpg","width":1920,"height":750},{"@type":"WebPage","@id":"https:\/\/www.sinomarin.com\/fr\/partagez-votre-avis\/#webpage","url":"https:\/\/www.sinomarin.com\/fr\/partagez-votre-avis\/","name":"Partagez votre Avis | Sinomarin","isPartOf":{"@id":"https:\/\/www.sinomarin.com\/fr\/#website"},"primaryImageOfPage":{"@id":"https:\/\/www.sinomarin.com\/fr\/partagez-votre-avis\/#primaryimage"},"datePublished":"2020-05-08T12:58:13+00:00","dateModified":"2023-04-05T10:00:45+00:00","description":"\"Gerolymatos International S.A.13 Asklipiou Str, Kryoneri, 14568, Ath\u00e8nes, Gr\u00e8ce T\u00e9l: +30 210 35 00 800 Fax:+30 210 62 20 384+30 210 81 61 850 Email: info@sinomarin.com\"","breadcrumb":{"@id":"https:\/\/www.sinomarin.com\/fr\/partagez-votre-avis\/#breadcrumb"},"inLanguage":"fr-FR","potentialAction":[{"@type":"ReadAction","target":["https:\/\/www.sinomarin.com\/fr\/partagez-votre-avis\/"]}]},{"@type":"BreadcrumbList","@id":"https:\/\/www.sinomarin.com\/fr\/partagez-votre-avis\/#breadcrumb","itemListElement":[{"@type":"ListItem","position":1,"name":"Home","item":"https:\/\/www.sinomarin.com\/fr\/"},{"@type":"ListItem","position":2,"name":"Leave your testimonial &#8211; Partager un t\u00e9moignage"}]}]}},"_links":{"self":[{"href":"https:\/\/www.sinomarin.com\/fr\/wp-json\/wp\/v2\/pages\/6469"}],"collection":[{"href":"https:\/\/www.sinomarin.com\/fr\/wp-json\/wp\/v2\/pages"}],"about":[{"href":"https:\/\/www.sinomarin.com\/fr\/wp-json\/wp\/v2\/types\/page"}],"author":[{"embeddable":true,"href":"https:\/\/www.sinomarin.com\/fr\/wp-json\/wp\/v2\/users\/1"}],"replies":[{"embeddable":true,"href":"https:\/\/www.sinomarin.com\/fr\/wp-json\/wp\/v2\/comments?post=6469"}],"version-history":[{"count":5,"href":"https:\/\/www.sinomarin.com\/fr\/wp-json\/wp\/v2\/pages\/6469\/revisions"}],"predecessor-version":[{"id":15402,"href":"https:\/\/www.sinomarin.com\/fr\/wp-json\/wp\/v2\/pages\/6469\/revisions\/15402"}],"wp:attachment":[{"href":"https:\/\/www.sinomarin.com\/fr\/wp-json\/wp\/v2\/media?parent=6469"}],"curies":[{"name":"wp","href":"https:\/\/api.w.org\/{rel}","templated":true}]}}